{"id":856,"date":"2019-06-27T16:24:19","date_gmt":"2019-06-27T16:24:19","guid":{"rendered":"https:\/\/sf-wp-dev2.rainstudio.ch\/ueber-uns\/"},"modified":"2019-10-15T09:41:07","modified_gmt":"2019-10-15T09:41:07","slug":"a-propos","status":"publish","type":"page","link":"https:\/\/sf-wp-dev2.rainstudio.ch\/fr\/a-propos\/","title":{"rendered":"Association fa\u00eeti\u00e8re des fondations donatrices suisses"},"content":{"rendered":"<p>\u00c9tablie en 2001 \u00e0 l\u2019initiative de diff\u00e9rentes fondations, SwissFoundations est la principale association fa\u00eeti\u00e8re des fondations donatrices d\u2019utilit\u00e9 publique en Suisse.<\/p>\n","protected":false},"excerpt":{"rendered":"<p>\u00c9tablie en 2001 \u00e0 l\u2019initiative de diff\u00e9rentes fondations, SwissFoundations est la principale association fa\u00eeti\u00e8re des fondations donatrices d\u2019utilit\u00e9 publique en Suisse.<\/p>\n","protected":false},"author":3579,"featured_media":0,"parent":0,"menu_order":0,"comment_status":"closed","ping_status":"closed","template":"archive-about.php","meta":[],"acf":[],"yoast_head":"<!-- This site is optimized with the Yoast SEO plugin v20.10 - https:\/\/yoast.com\/wordpress\/plugins\/seo\/ -->\n<title>Association fa\u00eeti\u00e8re des fondations donatrices suisses - SwissFoundations<\/title>\n<meta name=\"robots\" content=\"index, follow, max-snippet:-1, max-image-preview:large, max-video-preview:-1\" \/>\n<link rel=\"canonical\" href=\"https:\/\/sf-wp-dev2.rainstudio.ch\/fr\/a-propos\/\" \/>\n<meta property=\"og:locale\" content=\"fr_FR\" \/>\n<meta property=\"og:type\" content=\"article\" \/>\n<meta property=\"og:title\" content=\"Association fa\u00eeti\u00e8re des fondations donatrices suisses - SwissFoundations\" \/>\n<meta property=\"og:description\" content=\"\u00c9tablie en 2001 \u00e0 l\u2019initiative de diff\u00e9rentes fondations, SwissFoundations est la principale association fa\u00eeti\u00e8re des fondations donatrices d\u2019utilit\u00e9 publique en Suisse.\" \/>\n<meta property=\"og:url\" content=\"https:\/\/sf-wp-dev2.rainstudio.ch\/fr\/a-propos\/\" \/>\n<meta property=\"og:site_name\" content=\"SwissFoundations\" \/>\n<meta property=\"article:modified_time\" content=\"2019-10-15T09:41:07+00:00\" \/>\n<meta name=\"twitter:card\" content=\"summary_large_image\" \/>\n<script type=\"application\/ld+json\" class=\"yoast-schema-graph\">{\"@context\":\"https:\/\/schema.org\",\"@graph\":[{\"@type\":\"WebPage\",\"@id\":\"https:\/\/sf-wp-dev2.rainstudio.ch\/fr\/a-propos\/\",\"url\":\"https:\/\/sf-wp-dev2.rainstudio.ch\/fr\/a-propos\/\",\"name\":\"Association fa\u00eeti\u00e8re des fondations donatrices suisses - SwissFoundations\",\"isPartOf\":{\"@id\":\"https:\/\/sf-wp-dev2.rainstudio.ch\/fr\/#website\"},\"datePublished\":\"2019-06-27T16:24:19+00:00\",\"dateModified\":\"2019-10-15T09:41:07+00:00\",\"breadcrumb\":{\"@id\":\"https:\/\/sf-wp-dev2.rainstudio.ch\/fr\/a-propos\/#breadcrumb\"},\"inLanguage\":\"fr-FR\",\"potentialAction\":[{\"@type\":\"ReadAction\",\"target\":[\"https:\/\/sf-wp-dev2.rainstudio.ch\/fr\/a-propos\/\"]}]},{\"@type\":\"BreadcrumbList\",\"@id\":\"https:\/\/sf-wp-dev2.rainstudio.ch\/fr\/a-propos\/#breadcrumb\",\"itemListElement\":[{\"@type\":\"ListItem\",\"position\":1,\"name\":\"Home\",\"item\":\"https:\/\/sf-wp-dev2.rainstudio.ch\/fr\/\"},{\"@type\":\"ListItem\",\"position\":2,\"name\":\"Association fa\u00eeti\u00e8re des fondations donatrices suisses\"}]},{\"@type\":\"WebSite\",\"@id\":\"https:\/\/sf-wp-dev2.rainstudio.ch\/fr\/#website\",\"url\":\"https:\/\/sf-wp-dev2.rainstudio.ch\/fr\/\",\"name\":\"SwissFoundations\",\"description\":\"rderstiftungen setzen sich in der Schweiz mit Kraft und Innovation f\u00fcr das Gemeinwohl ein. Mit SwissFoundations haben sie seit 2001 einen starken Partner an der Seite.&lt;br&gt;Als Gemeinschaftsinitiative von Schweizer Stiftungen gegr\u00fcndet, vertritt SwissFoundations deren Anliegen gegen\u00fcber \u00d6ffentlichkeit, Politik und Beh\u00f6rden und setzt sich f\u00fcr die nachhaltige St\u00e4rkung privaten Stiftungsengagements ein.\",\"potentialAction\":[{\"@type\":\"SearchAction\",\"target\":{\"@type\":\"EntryPoint\",\"urlTemplate\":\"https:\/\/sf-wp-dev2.rainstudio.ch\/fr\/?s={search_term_string}\"},\"query-input\":\"required name=search_term_string\"}],\"inLanguage\":\"fr-FR\"}]}<\/script>\n<!-- \/ Yoast SEO plugin. -->","yoast_head_json":{"title":"Association fa\u00eeti\u00e8re des fondations donatrices suisses - SwissFoundations","robots":{"index":"index","follow":"follow","max-snippet":"max-snippet:-1","max-image-preview":"max-image-preview:large","max-video-preview":"max-video-preview:-1"},"canonical":"https:\/\/sf-wp-dev2.rainstudio.ch\/fr\/a-propos\/","og_locale":"fr_FR","og_type":"article","og_title":"Association fa\u00eeti\u00e8re des fondations donatrices suisses - SwissFoundations","og_description":"\u00c9tablie en 2001 \u00e0 l\u2019initiative de diff\u00e9rentes fondations, SwissFoundations est la principale association fa\u00eeti\u00e8re des fondations donatrices d\u2019utilit\u00e9 publique en Suisse.","og_url":"https:\/\/sf-wp-dev2.rainstudio.ch\/fr\/a-propos\/","og_site_name":"SwissFoundations","article_modified_time":"2019-10-15T09:41:07+00:00","twitter_card":"summary_large_image","schema":{"@context":"https:\/\/schema.org","@graph":[{"@type":"WebPage","@id":"https:\/\/sf-wp-dev2.rainstudio.ch\/fr\/a-propos\/","url":"https:\/\/sf-wp-dev2.rainstudio.ch\/fr\/a-propos\/","name":"Association fa\u00eeti\u00e8re des fondations donatrices suisses - SwissFoundations","isPartOf":{"@id":"https:\/\/sf-wp-dev2.rainstudio.ch\/fr\/#website"},"datePublished":"2019-06-27T16:24:19+00:00","dateModified":"2019-10-15T09:41:07+00:00","breadcrumb":{"@id":"https:\/\/sf-wp-dev2.rainstudio.ch\/fr\/a-propos\/#breadcrumb"},"inLanguage":"fr-FR","potentialAction":[{"@type":"ReadAction","target":["https:\/\/sf-wp-dev2.rainstudio.ch\/fr\/a-propos\/"]}]},{"@type":"BreadcrumbList","@id":"https:\/\/sf-wp-dev2.rainstudio.ch\/fr\/a-propos\/#breadcrumb","itemListElement":[{"@type":"ListItem","position":1,"name":"Home","item":"https:\/\/sf-wp-dev2.rainstudio.ch\/fr\/"},{"@type":"ListItem","position":2,"name":"Association fa\u00eeti\u00e8re des fondations donatrices suisses"}]},{"@type":"WebSite","@id":"https:\/\/sf-wp-dev2.rainstudio.ch\/fr\/#website","url":"https:\/\/sf-wp-dev2.rainstudio.ch\/fr\/","name":"SwissFoundations","description":"rderstiftungen setzen sich in der Schweiz mit Kraft und Innovation f\u00fcr das Gemeinwohl ein. Mit SwissFoundations haben sie seit 2001 einen starken Partner an der Seite.&lt;br&gt;Als Gemeinschaftsinitiative von Schweizer Stiftungen gegr\u00fcndet, vertritt SwissFoundations deren Anliegen gegen\u00fcber \u00d6ffentlichkeit, Politik und Beh\u00f6rden und setzt sich f\u00fcr die nachhaltige St\u00e4rkung privaten Stiftungsengagements ein.","potentialAction":[{"@type":"SearchAction","target":{"@type":"EntryPoint","urlTemplate":"https:\/\/sf-wp-dev2.rainstudio.ch\/fr\/?s={search_term_string}"},"query-input":"required name=search_term_string"}],"inLanguage":"fr-FR"}]}},"_links":{"self":[{"href":"https:\/\/sf-wp-dev2.rainstudio.ch\/fr\/wp-json\/wp\/v2\/pages\/856"}],"collection":[{"href":"https:\/\/sf-wp-dev2.rainstudio.ch\/fr\/wp-json\/wp\/v2\/pages"}],"about":[{"href":"https:\/\/sf-wp-dev2.rainstudio.ch\/fr\/wp-json\/wp\/v2\/types\/page"}],"author":[{"embeddable":true,"href":"https:\/\/sf-wp-dev2.rainstudio.ch\/fr\/wp-json\/wp\/v2\/users\/3579"}],"replies":[{"embeddable":true,"href":"https:\/\/sf-wp-dev2.rainstudio.ch\/fr\/wp-json\/wp\/v2\/comments?post=856"}],"version-history":[{"count":10,"href":"https:\/\/sf-wp-dev2.rainstudio.ch\/fr\/wp-json\/wp\/v2\/pages\/856\/revisions"}],"predecessor-version":[{"id":4723,"href":"https:\/\/sf-wp-dev2.rainstudio.ch\/fr\/wp-json\/wp\/v2\/pages\/856\/revisions\/4723"}],"wp:attachment":[{"href":"https:\/\/sf-wp-dev2.rainstudio.ch\/fr\/wp-json\/wp\/v2\/media?parent=856"}],"curies":[{"name":"wp","href":"https:\/\/api.w.org\/{rel}","templated":true}]}}