{"id":830,"date":"2019-06-28T10:26:42","date_gmt":"2019-06-28T10:26:42","guid":{"rendered":"https:\/\/sf-wp-dev2.rainstudio.ch\/jobportal\/"},"modified":"2019-11-14T08:39:14","modified_gmt":"2019-11-14T08:39:14","slug":"portaildemploi","status":"publish","type":"page","link":"https:\/\/sf-wp-dev2.rainstudio.ch\/fr\/portaildemploi\/","title":{"rendered":"Portail d\u2019emploi"},"content":{"rendered":"<p>SwissFoundations est l\u2019organisation fa\u00eeti\u00e8re des fondations donatrices suisses. En tant que r\u00e9seau actif engag\u00e9 dans l\u2019innovation, SwissFoundations encourage et soutient le partage d\u2019exp\u00e9riences, la transparence et le professionnalisme dans le paysage des fondations suisses. Le premier portail de l\u2019emploi du secteur suisse des fondations entend contribuer \u00e0 cet objectif.<\/p>\n<p><a class=\"\" href=\"https:\/\/sf-wp-dev2.rainstudio.ch\/fr\/publier-emploi\/\">Publier une offre d&#8217;emploi<\/a><\/p>\n","protected":false},"excerpt":{"rendered":"<p>SwissFoundations est l\u2019organisation fa\u00eeti\u00e8re des fondations donatrices suisses. En tant que r\u00e9seau actif engag\u00e9 dans l\u2019innovation, SwissFoundations encourage et soutient le partage d\u2019exp\u00e9riences, la transparence et le professionnalisme dans le paysage des fondations suisses. Le premier portail de l\u2019emploi du secteur suisse des fondations entend contribuer \u00e0 cet objectif. Publier une offre d&#8217;emploi<\/p>\n","protected":false},"author":3579,"featured_media":6516,"parent":0,"menu_order":0,"comment_status":"closed","ping_status":"closed","template":"archive-job.php","meta":[],"acf":[],"yoast_head":"<!-- This site is optimized with the Yoast SEO plugin v20.10 - https:\/\/yoast.com\/wordpress\/plugins\/seo\/ -->\n<title>Portail d\u2019emploi - SwissFoundations<\/title>\n<meta name=\"robots\" content=\"index, follow, max-snippet:-1, max-image-preview:large, max-video-preview:-1\" \/>\n<link rel=\"canonical\" href=\"https:\/\/sf-wp-dev2.rainstudio.ch\/fr\/portaildemploi\/\" \/>\n<meta property=\"og:locale\" content=\"fr_FR\" \/>\n<meta property=\"og:type\" content=\"article\" \/>\n<meta property=\"og:title\" content=\"Portail d\u2019emploi - SwissFoundations\" \/>\n<meta property=\"og:description\" content=\"SwissFoundations est l\u2019organisation fa\u00eeti\u00e8re des fondations donatrices suisses. En tant que r\u00e9seau actif engag\u00e9 dans l\u2019innovation, SwissFoundations encourage et soutient le partage d\u2019exp\u00e9riences, la transparence et le professionnalisme dans le paysage des fondations suisses. Le premier portail de l\u2019emploi du secteur suisse des fondations entend contribuer \u00e0 cet objectif. Publier une offre d&#8217;emploi\" \/>\n<meta property=\"og:url\" content=\"https:\/\/sf-wp-dev2.rainstudio.ch\/fr\/portaildemploi\/\" \/>\n<meta property=\"og:site_name\" content=\"SwissFoundations\" \/>\n<meta property=\"article:modified_time\" content=\"2019-11-14T08:39:14+00:00\" \/>\n<meta property=\"og:image\" content=\"https:\/\/sf-wp-dev2.rainstudio.ch\/wp-content\/uploads\/2019\/11\/jobinserat-1.png\" \/>\n\t<meta property=\"og:image:width\" content=\"1040\" \/>\n\t<meta property=\"og:image:height\" content=\"544\" \/>\n\t<meta property=\"og:image:type\" content=\"image\/png\" \/>\n<meta name=\"twitter:card\" content=\"summary_large_image\" \/>\n<script type=\"application\/ld+json\" class=\"yoast-schema-graph\">{\"@context\":\"https:\/\/schema.org\",\"@graph\":[{\"@type\":\"WebPage\",\"@id\":\"https:\/\/sf-wp-dev2.rainstudio.ch\/fr\/portaildemploi\/\",\"url\":\"https:\/\/sf-wp-dev2.rainstudio.ch\/fr\/portaildemploi\/\",\"name\":\"Portail d\u2019emploi - SwissFoundations\",\"isPartOf\":{\"@id\":\"https:\/\/sf-wp-dev2.rainstudio.ch\/fr\/#website\"},\"datePublished\":\"2019-06-28T10:26:42+00:00\",\"dateModified\":\"2019-11-14T08:39:14+00:00\",\"breadcrumb\":{\"@id\":\"https:\/\/sf-wp-dev2.rainstudio.ch\/fr\/portaildemploi\/#breadcrumb\"},\"inLanguage\":\"fr-FR\",\"potentialAction\":[{\"@type\":\"ReadAction\",\"target\":[\"https:\/\/sf-wp-dev2.rainstudio.ch\/fr\/portaildemploi\/\"]}]},{\"@type\":\"BreadcrumbList\",\"@id\":\"https:\/\/sf-wp-dev2.rainstudio.ch\/fr\/portaildemploi\/#breadcrumb\",\"itemListElement\":[{\"@type\":\"ListItem\",\"position\":1,\"name\":\"Home\",\"item\":\"https:\/\/sf-wp-dev2.rainstudio.ch\/fr\/\"},{\"@type\":\"ListItem\",\"position\":2,\"name\":\"Portail d\u2019emploi\"}]},{\"@type\":\"WebSite\",\"@id\":\"https:\/\/sf-wp-dev2.rainstudio.ch\/fr\/#website\",\"url\":\"https:\/\/sf-wp-dev2.rainstudio.ch\/fr\/\",\"name\":\"SwissFoundations\",\"description\":\"rderstiftungen setzen sich in der Schweiz mit Kraft und Innovation f\u00fcr das Gemeinwohl ein. Mit SwissFoundations haben sie seit 2001 einen starken Partner an der Seite.&lt;br&gt;Als Gemeinschaftsinitiative von Schweizer Stiftungen gegr\u00fcndet, vertritt SwissFoundations deren Anliegen gegen\u00fcber \u00d6ffentlichkeit, Politik und Beh\u00f6rden und setzt sich f\u00fcr die nachhaltige St\u00e4rkung privaten Stiftungsengagements ein.\",\"potentialAction\":[{\"@type\":\"SearchAction\",\"target\":{\"@type\":\"EntryPoint\",\"urlTemplate\":\"https:\/\/sf-wp-dev2.rainstudio.ch\/fr\/?s={search_term_string}\"},\"query-input\":\"required name=search_term_string\"}],\"inLanguage\":\"fr-FR\"}]}<\/script>\n<!-- \/ Yoast SEO plugin. -->","yoast_head_json":{"title":"Portail d\u2019emploi - SwissFoundations","robots":{"index":"index","follow":"follow","max-snippet":"max-snippet:-1","max-image-preview":"max-image-preview:large","max-video-preview":"max-video-preview:-1"},"canonical":"https:\/\/sf-wp-dev2.rainstudio.ch\/fr\/portaildemploi\/","og_locale":"fr_FR","og_type":"article","og_title":"Portail d\u2019emploi - SwissFoundations","og_description":"SwissFoundations est l\u2019organisation fa\u00eeti\u00e8re des fondations donatrices suisses. En tant que r\u00e9seau actif engag\u00e9 dans l\u2019innovation, SwissFoundations encourage et soutient le partage d\u2019exp\u00e9riences, la transparence et le professionnalisme dans le paysage des fondations suisses. Le premier portail de l\u2019emploi du secteur suisse des fondations entend contribuer \u00e0 cet objectif. Publier une offre d&#8217;emploi","og_url":"https:\/\/sf-wp-dev2.rainstudio.ch\/fr\/portaildemploi\/","og_site_name":"SwissFoundations","article_modified_time":"2019-11-14T08:39:14+00:00","og_image":[{"width":1040,"height":544,"url":"https:\/\/sf-wp-dev2.rainstudio.ch\/wp-content\/uploads\/2019\/11\/jobinserat-1.png","type":"image\/png"}],"twitter_card":"summary_large_image","schema":{"@context":"https:\/\/schema.org","@graph":[{"@type":"WebPage","@id":"https:\/\/sf-wp-dev2.rainstudio.ch\/fr\/portaildemploi\/","url":"https:\/\/sf-wp-dev2.rainstudio.ch\/fr\/portaildemploi\/","name":"Portail d\u2019emploi - SwissFoundations","isPartOf":{"@id":"https:\/\/sf-wp-dev2.rainstudio.ch\/fr\/#website"},"datePublished":"2019-06-28T10:26:42+00:00","dateModified":"2019-11-14T08:39:14+00:00","breadcrumb":{"@id":"https:\/\/sf-wp-dev2.rainstudio.ch\/fr\/portaildemploi\/#breadcrumb"},"inLanguage":"fr-FR","potentialAction":[{"@type":"ReadAction","target":["https:\/\/sf-wp-dev2.rainstudio.ch\/fr\/portaildemploi\/"]}]},{"@type":"BreadcrumbList","@id":"https:\/\/sf-wp-dev2.rainstudio.ch\/fr\/portaildemploi\/#breadcrumb","itemListElement":[{"@type":"ListItem","position":1,"name":"Home","item":"https:\/\/sf-wp-dev2.rainstudio.ch\/fr\/"},{"@type":"ListItem","position":2,"name":"Portail d\u2019emploi"}]},{"@type":"WebSite","@id":"https:\/\/sf-wp-dev2.rainstudio.ch\/fr\/#website","url":"https:\/\/sf-wp-dev2.rainstudio.ch\/fr\/","name":"SwissFoundations","description":"rderstiftungen setzen sich in der Schweiz mit Kraft und Innovation f\u00fcr das Gemeinwohl ein. Mit SwissFoundations haben sie seit 2001 einen starken Partner an der Seite.&lt;br&gt;Als Gemeinschaftsinitiative von Schweizer Stiftungen gegr\u00fcndet, vertritt SwissFoundations deren Anliegen gegen\u00fcber \u00d6ffentlichkeit, Politik und Beh\u00f6rden und setzt sich f\u00fcr die nachhaltige St\u00e4rkung privaten Stiftungsengagements ein.","potentialAction":[{"@type":"SearchAction","target":{"@type":"EntryPoint","urlTemplate":"https:\/\/sf-wp-dev2.rainstudio.ch\/fr\/?s={search_term_string}"},"query-input":"required name=search_term_string"}],"inLanguage":"fr-FR"}]}},"_links":{"self":[{"href":"https:\/\/sf-wp-dev2.rainstudio.ch\/fr\/wp-json\/wp\/v2\/pages\/830"}],"collection":[{"href":"https:\/\/sf-wp-dev2.rainstudio.ch\/fr\/wp-json\/wp\/v2\/pages"}],"about":[{"href":"https:\/\/sf-wp-dev2.rainstudio.ch\/fr\/wp-json\/wp\/v2\/types\/page"}],"author":[{"embeddable":true,"href":"https:\/\/sf-wp-dev2.rainstudio.ch\/fr\/wp-json\/wp\/v2\/users\/3579"}],"replies":[{"embeddable":true,"href":"https:\/\/sf-wp-dev2.rainstudio.ch\/fr\/wp-json\/wp\/v2\/comments?post=830"}],"version-history":[{"count":18,"href":"https:\/\/sf-wp-dev2.rainstudio.ch\/fr\/wp-json\/wp\/v2\/pages\/830\/revisions"}],"predecessor-version":[{"id":5785,"href":"https:\/\/sf-wp-dev2.rainstudio.ch\/fr\/wp-json\/wp\/v2\/pages\/830\/revisions\/5785"}],"wp:featuredmedia":[{"embeddable":true,"href":"https:\/\/sf-wp-dev2.rainstudio.ch\/fr\/wp-json\/wp\/v2\/media\/6516"}],"wp:attachment":[{"href":"https:\/\/sf-wp-dev2.rainstudio.ch\/fr\/wp-json\/wp\/v2\/media?parent=830"}],"curies":[{"name":"wp","href":"https:\/\/api.w.org\/{rel}","templated":true}]}}