{"id":828,"date":"2019-06-28T11:21:35","date_gmt":"2019-06-28T11:21:35","guid":{"rendered":"https:\/\/sf-wp-dev2.rainstudio.ch\/datenschutz\/"},"modified":"2023-12-01T08:24:51","modified_gmt":"2023-12-01T08:24:51","slug":"protection-des-donnees","status":"publish","type":"page","link":"https:\/\/sf-wp-dev2.rainstudio.ch\/fr\/protection-des-donnees\/","title":{"rendered":"Protection des donn\u00e9es"},"content":{"rendered":"<p><strong>SwissFoundations respecte votre vie priv\u00e9e<\/strong><\/p>\n<p>La protection de votre vie priv\u00e9e dans le cadre du traitement des donn\u00e9es \u00e0 caract\u00e8re personnel ainsi que la s\u00e9curit\u00e9 de toutes les donn\u00e9es \u00e0 caract\u00e8re personnel sont une pr\u00e9occupation majeure pour nous. La pr\u00e9sente d\u00e9claration vous informe sur la nature des donn\u00e9es vous concernant que nous traitons, sur les raisons pour lesquelles nous en avons besoin et sur la mani\u00e8re dont vous pouvez vous opposer au traitement de ces donn\u00e9es.<\/p>\n<p>Nous ne collectons, traitons et sauvegardons des donn\u00e9es \u00e0 caract\u00e8re personnel que conform\u00e9ment aux prescriptions l\u00e9gales ou si vous nous avez donn\u00e9 votre consentement \u00e0 cet effet, par exemple lors d\u2019une inscription.<\/p>\n<p><strong>Quelles donn\u00e9es \u00e0 caract\u00e8re personnel collectons-nous?<\/strong><\/p>\n<p>Nous collectons exclusivement des donn\u00e9es \u00e0 caract\u00e8re personnel en lien avec notre relation avec vous. Nous collectons notamment vos coordonn\u00e9es, comme votre nom, num\u00e9ro de t\u00e9l\u00e9phone, adresse ou adresse e-mail, ainsi que d\u2019autres donn\u00e9es, notamment en lien avec l\u2019utilisation de notre site Internet ou lors de l\u2019inscription \u00e0 notre newsletter \u00e9lectronique. Pour les contrats de travail, les dispositions du R\u00e8glement du personnel s\u2019appliquent \u00e9galement. Pour l\u2019inscription \u00e0 nos \u00e9v\u00e9nements, les Conditions g\u00e9n\u00e9rales trouvent application. Les informations qui ne peuvent pas \u00eatre associ\u00e9es \u00e0 votre identit\u00e9 (p.\u00a0ex. les donn\u00e9es statistiques relatives au nombre d\u2019utilisateurs de notre offre en ligne) ne constituent pas des donn\u00e9es \u00e0 caract\u00e8re personnel.<\/p>\n<p><strong>Comment collectons-nous les donn\u00e9es \u00e0 caract\u00e8re personnel?<\/strong><\/p>\n<p>En r\u00e8gle g\u00e9n\u00e9rale, nous collectons des donn\u00e9es \u00e0 caract\u00e8re personnel dans les cas suivants: lorsque vous visitez notre site Internet, lorsque vous communiquez directement avec nous, lorsque vous vous inscrivez \u00e0 nos newsletters ou \u00e0 nos \u00e9v\u00e9nements, lorsque vous r\u00e9pondez \u00e0 un sondage ou lorsque vous nous communiquez vos donn\u00e9es \u00e0 caract\u00e8re personnel pour d\u2019autres raisons. Dans tous les cas, nous traitons vos donn\u00e9es \u00e0 caract\u00e8re personnel exclusivement aux fins d\u00e9termin\u00e9es, dont vous pouvez prendre connaissance.<\/p>\n<p><strong>Transmettons-nous vos donn\u00e9es \u00e0 caract\u00e8re personnel?<\/strong><\/p>\n<p>Nous ne transmettons en principe vos donn\u00e9es \u00e0 caract\u00e8re personnel \u00e0 des tiers que si nous y sommes l\u00e9galement autoris\u00e9s ou si vous nous avez donn\u00e9 votre accord \u00e0 cet effet. Par exemple, lorsque nous confions des envois postaux \u00e0 des tiers, comme des imprimeurs. Dans la mesure o\u00f9 les donn\u00e9es sont divulgu\u00e9es \u00e0 l\u2019\u00e9tranger, nous garantissons que nous respectons les prescriptions l\u00e9gales \u00e0 cet \u00e9gard (garantie d\u2019une protection ad\u00e9quate).<\/p>\n<p>Les prestataires externes qui traitent des donn\u00e9es \u00e0 notre demande sont tenus \u00e0 une obligation de confidentialit\u00e9 stricte au sens de la loi f\u00e9d\u00e9rale sur la protection des donn\u00e9es.\u00a0Nous avons v\u00e9rifi\u00e9 que les prestataires externes sont en mesure de garantir la s\u00e9curit\u00e9 des donn\u00e9es. Ils ne peuvent confier le traitement des donn\u00e9es \u00e0 caract\u00e8re personnel \u00e0 un tiers qu\u2019avec notre accord pr\u00e9alable.<\/p>\n<p><strong>Combien de temps conservons-nous vos donn\u00e9es \u00e0 caract\u00e8re personnel?<\/strong><\/p>\n<p>Nous ne conservons en principe vos donn\u00e9es que le temps n\u00e9cessaire \u00e0 notre relation professionnelle avec vous ou tant que nous y avons un int\u00e9r\u00eat l\u00e9gitime. Dans tous les autres cas, nous supprimons vos donn\u00e9es \u00e0 caract\u00e8re personnel, \u00e0 l\u2019exception de celles que nous devons conserver conform\u00e9ment \u00e0 nos obligations l\u00e9gales (nous sommes, par exemple, tenus par la loi de conserver les documents tels que les contrats et les factures pendant une dur\u00e9e de 10\u00a0ans).<\/p>\n<p><strong>Quelles donn\u00e9es sont trait\u00e9es dans le cadre de l\u2019utilisation de notre site Internet?<\/strong><\/p>\n<p>Vous pouvez en principe visiter notre site Internet sans n\u00e9cessairement communiquer de donn\u00e9es personnelles. Lorsque vous visitez notre site Internet, nos serveurs enregistrent temporairement tout acc\u00e8s dans un fichier journal. Les donn\u00e9es techniques suivantes sont alors collect\u00e9es et sauvegard\u00e9es par nos soins jusqu\u2019\u00e0 sept mois au maximum, avant d\u2019\u00eatre automatiquement effac\u00e9es:<\/p>\n<ul>\n<li>la date et l\u2019heure de l\u2019acc\u00e8s;<\/li>\n<li>le site Internet \u00e0 partir duquel l\u2019acc\u00e8s a eu lieu, le cas \u00e9ch\u00e9ant avec le terme de recherche utilis\u00e9;<\/li>\n<li>le nom et l\u2019URL des fichiers consult\u00e9s;<\/li>\n<li>les requ\u00eates de recherche ex\u00e9cut\u00e9es;<\/li>\n<li>le syst\u00e8me d\u2019exploitation de votre ordinateur (communiqu\u00e9 par le User Agent)<\/li>\n<li>le navigateur que vous utilisez (communiqu\u00e9 par le User Agent);<\/li>\n<li>le type d\u2019appareil en cas d\u2019acc\u00e8s depuis un t\u00e9l\u00e9phone portable;<\/li>\n<li>le protocole de transmission utilis\u00e9.<\/li>\n<\/ul>\n<p>La collecte et le traitement de ces donn\u00e9es nous permettent d\u2019assurer la s\u00e9curit\u00e9 et la stabilit\u00e9 du syst\u00e8me, d\u2019analyser les erreurs et la performance, d\u2019\u00e9tablir des statistiques internes et d\u2019optimiser notre offre Internet. L\u2019adresse IP est par ailleurs utilis\u00e9e pour param\u00e9trer par d\u00e9faut la langue du site Internet. Enfin, lors de la visite de notre site Internet, nous utilisons des cookies ainsi que des applications et des outils bas\u00e9s sur l\u2019usage des cookies. Vous trouverez de plus amples informations \u00e0 cet \u00e9gard au chapitre suivant.<\/p>\n<p><strong>Que sont les cookies et quand sont-ils utilis\u00e9s?<\/strong><\/p>\n<p>Les cookies sont des petits fichiers texte enregistr\u00e9s sur votre ordinateur lorsque vous visitez notre site Internet. Si vous ouvrez \u00e0 nouveau cette page, votre navigateur nous renvoie le contenu des cookies, qui permettent de reconna\u00eetre le terminal. Le recours aux cookies nous permet de concevoir notre site Internet de mani\u00e8re optimale pour vous et de vous en simplifier l\u2019utilisation.<\/p>\n<p>Si vous d\u00e9cidez de refuser les cookies, vous pouvez \u00e0 tout moment d\u00e9sactiver et supprimer ces cookies dans votre navigateur. Veuillez \u00e0 cet effet consulter la fonction d\u2019aide de votre navigateur. La d\u00e9sactivation des cookies peut toutefois vous emp\u00eacher de b\u00e9n\u00e9ficier de certaines fonctions de notre site Internet. Si vous utilisez un autre navigateur ou un autre terminal, vous devrez \u00e0 nouveau proc\u00e9der \u00e0 la d\u00e9sactivation ou \u00e0 la suppression des cookies.<\/p>\n<p>Le site Internet indiqu\u00e9 ci-dessous offre par ailleurs la possibilit\u00e9 de g\u00e9rer l\u2019utilisation des cookies par les prestataires tiers et de les d\u00e9sactiver: <a href=\"http:\/\/www.youronlinechoices.com\/de\/praferenzmanagement\">http:\/\/www.youronlinechoices.com\/de\/praferenzmanagement<\/a>. Ce site Internet n\u2019est pas exploit\u00e9 par nos soins, de sorte que nous ne sommes pas responsables de son contenu ni de son accessibilit\u00e9, sur lesquels nous n\u2019avons aucune influence.<\/p>\n<p><strong>Comment les outils de tracking sont-ils utilis\u00e9s?<\/strong><\/p>\n<p>Nous avons besoin d\u2019informations statistiques concernant l\u2019utilisation de notre offre en ligne (notamment notre site Internet et nos newsletters) afin de pouvoir la rendre plus efficace, d\u2019effectuer des analyses d\u2019audience et de r\u00e9aliser des \u00e9tudes de march\u00e9. A cet effet, nous utilisons des outils d\u2019analyse web, notamment Google Analytics. Les profils d\u2019utilisation \u00e9tablis par ces outils \u00e0 l\u2019aide de cookies d\u2019analyse ne comprennent pas de donn\u00e9es \u00e0 caract\u00e8re personnel. Les outils n\u2019utilisent pas du tout les adresses IP des utilisateurs ou les utilisent sous une forme abr\u00e9g\u00e9e imm\u00e9diatement apr\u00e8s leur collecte.<\/p>\n<p>Outre les donn\u00e9es cit\u00e9es ci-dessus (voir \u00abQuelles donn\u00e9es sont trait\u00e9es dans le cadre de l\u2019utilisation de notre site Internet?\u00bb), nous recueillons ainsi les informations suivantes:<\/p>\n<ul>\n<li>le chemin de navigation conduisant le visiteur sur le site Internet;<\/li>\n<li>la dur\u00e9e de la visite sur le site Internet ou de consultation d\u2019une page;<\/li>\n<li>la page sur laquelle le site Internet est quitt\u00e9;<\/li>\n<li>le pays, la r\u00e9gion ou la ville d\u2019origine de l\u2019acc\u00e8s;<\/li>\n<li>le terminal (type, version, profondeur des couleurs, r\u00e9solution, largeur et hauteur de la fen\u00eatre de navigation);<\/li>\n<li>le caract\u00e8re de visiteur r\u00e9current ou nouveau.<\/li>\n<\/ul>\n<p>Ces informations sont utilis\u00e9es afin d\u2019analyser l\u2019utilisation du site Internet.\u00a0Si vous souhaitez d\u00e9sactiver Google Analytics, vous trouverez un module compl\u00e9mentaire pour votre navigateur \u00e0 l\u2019adresse <a href=\"http:\/\/tools.google.com\/dlpage\/gaoptout?hl=fr\">http:\/\/tools.google.com\/dlpage\/gaoptout?hl=fr<\/a>. Comme expliqu\u00e9 au chapitre pr\u00e9c\u00e9dent, vous pouvez emp\u00eacher la constitution de profils d\u2019utilisation en d\u00e9sactivant globalement l\u2019utilisation des cookies.<\/p>\n<p><strong>M\u00e9dias sociaux<\/strong><\/p>\n<p>Notre site Internet contient des liens ou plug-ins vers diff\u00e9rents r\u00e9seaux sociaux (tels que Facebook, Twitter, LinkedIn, Google+, Xing, etc.). En cliquant sur les liens, vous ouvrez les sites des m\u00e9dias sociaux correspondants, pour lesquels la pr\u00e9sente d\u00e9claration de protection des donn\u00e9es ne s\u2019applique pas. Veuillez consulter les d\u00e9tails relatifs aux dispositions sp\u00e9cifiques dans la d\u00e9claration de protection des donn\u00e9es du prestataire concern\u00e9, sur son site Internet.<\/p>\n<p>Aucune information \u00e0 caract\u00e8re personnel n\u2019est transmise au prestataire concern\u00e9 avant l\u2019activation du lien ou du plug-in correspondant. L\u2019ouverture du site correspondant fonde le traitement des donn\u00e9es par le prestataire concern\u00e9. Nous n\u2019avons aucune influence sur les op\u00e9rations de traitement des donn\u00e9es et ignorons totalement quelles donn\u00e9es sont collect\u00e9es, le but de leur traitement et les d\u00e9lais de conservation. Nous ne disposons d\u2019aucune information non plus quant \u00e0 la suppression des donn\u00e9es par le fournisseur du plug-in.<\/p>\n<p><strong>Newsletter<\/strong><\/p>\n<p>Dans le cadre de notre offre en ligne, vous pouvez vous abonner \u00e0 la newsletter. Nous utilisons pour ce faire une proc\u00e9dure dite de double opt-in, aux termes de laquelle nous ne vous enverrons la newsletter par e-mail que lorsque vous aurez express\u00e9ment confirm\u00e9 votre inscription en cliquant sur un lien contenu dans la notification d\u2019activation du service. Si vous souhaitez par la suite ne plus recevoir les newsletters, vous pouvez \u00e0 tout moment mettre un terme \u00e0 l\u2019abonnement en r\u00e9voquant votre consentement avec effet imm\u00e9diat. L\u2019abonnement aux newsletters \u00e9lectroniques peut \u00eatre r\u00e9voqu\u00e9 au moyen du lien contenu dans la newsletter. Vous pouvez \u00e9galement nous contacter en suivant les indications de la section Contact.<\/p>\n<p><strong>Quels sont vos droits en lien avec vos donn\u00e9es \u00e0 caract\u00e8re personnel?<\/strong><\/p>\n<p>En ce qui concerne vos donn\u00e9es \u00e0 caract\u00e8re personnel, vous disposez des droits suivants:<\/p>\n<ul>\n<li>Vous pouvez demander des renseignements sur les donn\u00e9es \u00e0 caract\u00e8re personnel vous concernant que nous conservons.<\/li>\n<li>Vous pouvez demander la rectification, le compl\u00e9ment, le blocage ou la suppression de vos donn\u00e9es \u00e0 caract\u00e8re personnel.<\/li>\n<li>Si vous avez consenti au traitement de vos donn\u00e9es, vous pouvez \u00e0 tout moment r\u00e9voquer votre consentement avec effet imm\u00e9diat.<\/li>\n<\/ul>\n<p>Pour exercer vos droits, il vous suffit de nous adresser un courrier par voie postale ou un e-mail. Voir la section Contact.<\/p>\n<p><strong>S\u00e9curit\u00e9 des donn\u00e9es<\/strong><\/p>\n<p>Nous employons des dispositifs de s\u00e9curit\u00e9 techniques et structurels adapt\u00e9s pour prot\u00e9ger les donn\u00e9es personnelles que nous conservons contre toute manipulation, toute perte partielle ou totale ou tout acc\u00e8s non autoris\u00e9 de tiers. Nos mesures de s\u00e9curit\u00e9 sont sans cesse am\u00e9lior\u00e9es conform\u00e9ment aux \u00e9volutions technologiques.<\/p>\n<p><strong>Modification de la pr\u00e9sente d\u00e9claration de protection des donn\u00e9es<\/strong><\/p>\n<p>Nous nous r\u00e9servons le droit de modifier et de compl\u00e9ter \u00e0 tout moment la pr\u00e9sente d\u00e9claration \u00e0 notre gr\u00e9 et conform\u00e9ment \u00e0 la l\u00e9gislation relative \u00e0 la protection des donn\u00e9es. Veuillez consulter r\u00e9guli\u00e8rement la pr\u00e9sente d\u00e9claration.<\/p>\n<p><strong>Contact<\/strong><\/p>\n<p>Si vous avez des questions concernant vos droits en lien avec vos donn\u00e9es \u00e0 caract\u00e8re personnel ou d\u2019autres questions pertinentes, veuillez-vous adresser \u00e0:<\/p>\n<p>SwissFoundations<br \/>\nJacqueline Spirgi<br \/>\n<a class=\"\" href=\"mailto:spirgi@sf-wp-dev2.rainstudio.ch\" target=\"_blank\" rel=\"noopener\">spirgi@sf-wp-dev2.rainstudio.ch<\/a><br \/>\nMaison des Fondations, Chemin Rieu 17, CH-1208 Gen\u00e8ve<br \/>\n+41 22 347 61 84<\/p>\n","protected":false},"excerpt":{"rendered":"<p>SwissFoundations respecte votre vie priv\u00e9e La protection de votre vie priv\u00e9e dans le cadre du traitement des donn\u00e9es \u00e0 caract\u00e8re personnel ainsi que la s\u00e9curit\u00e9 de toutes les donn\u00e9es \u00e0 caract\u00e8re personnel sont une pr\u00e9occupation majeure pour nous. La pr\u00e9sente d\u00e9claration vous informe sur la nature des donn\u00e9es vous concernant que nous traitons, sur les [&hellip;]<\/p>\n","protected":false},"author":3579,"featured_media":10644,"parent":0,"menu_order":0,"comment_status":"closed","ping_status":"closed","template":"pages\/simple-text-tpl.php","meta":[],"acf":[],"yoast_head":"<!-- This site is optimized with the Yoast SEO plugin v20.10 - https:\/\/yoast.com\/wordpress\/plugins\/seo\/ -->\n<title>Protection des donn\u00e9es - SwissFoundations<\/title>\n<meta name=\"robots\" content=\"index, follow, max-snippet:-1, max-image-preview:large, max-video-preview:-1\" \/>\n<link rel=\"canonical\" href=\"https:\/\/sf-wp-dev2.rainstudio.ch\/fr\/protection-des-donnees\/\" \/>\n<meta property=\"og:locale\" content=\"fr_FR\" \/>\n<meta property=\"og:type\" content=\"article\" \/>\n<meta property=\"og:title\" content=\"Protection des donn\u00e9es - SwissFoundations\" \/>\n<meta property=\"og:description\" content=\"SwissFoundations respecte votre vie priv\u00e9e La protection de votre vie priv\u00e9e dans le cadre du traitement des donn\u00e9es \u00e0 caract\u00e8re personnel ainsi que la s\u00e9curit\u00e9 de toutes les donn\u00e9es \u00e0 caract\u00e8re personnel sont une pr\u00e9occupation majeure pour nous. La pr\u00e9sente d\u00e9claration vous informe sur la nature des donn\u00e9es vous concernant que nous traitons, sur les [&hellip;]\" \/>\n<meta property=\"og:url\" content=\"https:\/\/sf-wp-dev2.rainstudio.ch\/fr\/protection-des-donnees\/\" \/>\n<meta property=\"og:site_name\" content=\"SwissFoundations\" \/>\n<meta property=\"article:modified_time\" content=\"2023-12-01T08:24:51+00:00\" \/>\n<meta property=\"og:image\" content=\"https:\/\/sf-wp-dev2.rainstudio.ch\/wp-content\/uploads\/2021\/01\/datenschutz-1.png\" \/>\n\t<meta property=\"og:image:width\" content=\"541\" \/>\n\t<meta property=\"og:image:height\" content=\"449\" \/>\n\t<meta property=\"og:image:type\" content=\"image\/png\" \/>\n<meta name=\"twitter:card\" content=\"summary_large_image\" \/>\n<meta name=\"twitter:label1\" content=\"Dur\u00e9e de lecture estim\u00e9e\" \/>\n\t<meta name=\"twitter:data1\" content=\"10 minutes\" \/>\n<script type=\"application\/ld+json\" class=\"yoast-schema-graph\">{\"@context\":\"https:\/\/schema.org\",\"@graph\":[{\"@type\":\"WebPage\",\"@id\":\"https:\/\/sf-wp-dev2.rainstudio.ch\/fr\/protection-des-donnees\/\",\"url\":\"https:\/\/sf-wp-dev2.rainstudio.ch\/fr\/protection-des-donnees\/\",\"name\":\"Protection des donn\u00e9es - SwissFoundations\",\"isPartOf\":{\"@id\":\"https:\/\/sf-wp-dev2.rainstudio.ch\/fr\/#website\"},\"datePublished\":\"2019-06-28T11:21:35+00:00\",\"dateModified\":\"2023-12-01T08:24:51+00:00\",\"breadcrumb\":{\"@id\":\"https:\/\/sf-wp-dev2.rainstudio.ch\/fr\/protection-des-donnees\/#breadcrumb\"},\"inLanguage\":\"fr-FR\",\"potentialAction\":[{\"@type\":\"ReadAction\",\"target\":[\"https:\/\/sf-wp-dev2.rainstudio.ch\/fr\/protection-des-donnees\/\"]}]},{\"@type\":\"BreadcrumbList\",\"@id\":\"https:\/\/sf-wp-dev2.rainstudio.ch\/fr\/protection-des-donnees\/#breadcrumb\",\"itemListElement\":[{\"@type\":\"ListItem\",\"position\":1,\"name\":\"Home\",\"item\":\"https:\/\/sf-wp-dev2.rainstudio.ch\/fr\/\"},{\"@type\":\"ListItem\",\"position\":2,\"name\":\"Protection des donn\u00e9es\"}]},{\"@type\":\"WebSite\",\"@id\":\"https:\/\/sf-wp-dev2.rainstudio.ch\/fr\/#website\",\"url\":\"https:\/\/sf-wp-dev2.rainstudio.ch\/fr\/\",\"name\":\"SwissFoundations\",\"description\":\"rderstiftungen setzen sich in der Schweiz mit Kraft und Innovation f\u00fcr das Gemeinwohl ein. Mit SwissFoundations haben sie seit 2001 einen starken Partner an der Seite.&lt;br&gt;Als Gemeinschaftsinitiative von Schweizer Stiftungen gegr\u00fcndet, vertritt SwissFoundations deren Anliegen gegen\u00fcber \u00d6ffentlichkeit, Politik und Beh\u00f6rden und setzt sich f\u00fcr die nachhaltige St\u00e4rkung privaten Stiftungsengagements ein.\",\"potentialAction\":[{\"@type\":\"SearchAction\",\"target\":{\"@type\":\"EntryPoint\",\"urlTemplate\":\"https:\/\/sf-wp-dev2.rainstudio.ch\/fr\/?s={search_term_string}\"},\"query-input\":\"required name=search_term_string\"}],\"inLanguage\":\"fr-FR\"}]}<\/script>\n<!-- \/ Yoast SEO plugin. -->","yoast_head_json":{"title":"Protection des donn\u00e9es - SwissFoundations","robots":{"index":"index","follow":"follow","max-snippet":"max-snippet:-1","max-image-preview":"max-image-preview:large","max-video-preview":"max-video-preview:-1"},"canonical":"https:\/\/sf-wp-dev2.rainstudio.ch\/fr\/protection-des-donnees\/","og_locale":"fr_FR","og_type":"article","og_title":"Protection des donn\u00e9es - SwissFoundations","og_description":"SwissFoundations respecte votre vie priv\u00e9e La protection de votre vie priv\u00e9e dans le cadre du traitement des donn\u00e9es \u00e0 caract\u00e8re personnel ainsi que la s\u00e9curit\u00e9 de toutes les donn\u00e9es \u00e0 caract\u00e8re personnel sont une pr\u00e9occupation majeure pour nous. La pr\u00e9sente d\u00e9claration vous informe sur la nature des donn\u00e9es vous concernant que nous traitons, sur les [&hellip;]","og_url":"https:\/\/sf-wp-dev2.rainstudio.ch\/fr\/protection-des-donnees\/","og_site_name":"SwissFoundations","article_modified_time":"2023-12-01T08:24:51+00:00","og_image":[{"width":541,"height":449,"url":"https:\/\/sf-wp-dev2.rainstudio.ch\/wp-content\/uploads\/2021\/01\/datenschutz-1.png","type":"image\/png"}],"twitter_card":"summary_large_image","twitter_misc":{"Dur\u00e9e de lecture estim\u00e9e":"10 minutes"},"schema":{"@context":"https:\/\/schema.org","@graph":[{"@type":"WebPage","@id":"https:\/\/sf-wp-dev2.rainstudio.ch\/fr\/protection-des-donnees\/","url":"https:\/\/sf-wp-dev2.rainstudio.ch\/fr\/protection-des-donnees\/","name":"Protection des donn\u00e9es - SwissFoundations","isPartOf":{"@id":"https:\/\/sf-wp-dev2.rainstudio.ch\/fr\/#website"},"datePublished":"2019-06-28T11:21:35+00:00","dateModified":"2023-12-01T08:24:51+00:00","breadcrumb":{"@id":"https:\/\/sf-wp-dev2.rainstudio.ch\/fr\/protection-des-donnees\/#breadcrumb"},"inLanguage":"fr-FR","potentialAction":[{"@type":"ReadAction","target":["https:\/\/sf-wp-dev2.rainstudio.ch\/fr\/protection-des-donnees\/"]}]},{"@type":"BreadcrumbList","@id":"https:\/\/sf-wp-dev2.rainstudio.ch\/fr\/protection-des-donnees\/#breadcrumb","itemListElement":[{"@type":"ListItem","position":1,"name":"Home","item":"https:\/\/sf-wp-dev2.rainstudio.ch\/fr\/"},{"@type":"ListItem","position":2,"name":"Protection des donn\u00e9es"}]},{"@type":"WebSite","@id":"https:\/\/sf-wp-dev2.rainstudio.ch\/fr\/#website","url":"https:\/\/sf-wp-dev2.rainstudio.ch\/fr\/","name":"SwissFoundations","description":"rderstiftungen setzen sich in der Schweiz mit Kraft und Innovation f\u00fcr das Gemeinwohl ein. Mit SwissFoundations haben sie seit 2001 einen starken Partner an der Seite.&lt;br&gt;Als Gemeinschaftsinitiative von Schweizer Stiftungen gegr\u00fcndet, vertritt SwissFoundations deren Anliegen gegen\u00fcber \u00d6ffentlichkeit, Politik und Beh\u00f6rden und setzt sich f\u00fcr die nachhaltige St\u00e4rkung privaten Stiftungsengagements ein.","potentialAction":[{"@type":"SearchAction","target":{"@type":"EntryPoint","urlTemplate":"https:\/\/sf-wp-dev2.rainstudio.ch\/fr\/?s={search_term_string}"},"query-input":"required name=search_term_string"}],"inLanguage":"fr-FR"}]}},"_links":{"self":[{"href":"https:\/\/sf-wp-dev2.rainstudio.ch\/fr\/wp-json\/wp\/v2\/pages\/828"}],"collection":[{"href":"https:\/\/sf-wp-dev2.rainstudio.ch\/fr\/wp-json\/wp\/v2\/pages"}],"about":[{"href":"https:\/\/sf-wp-dev2.rainstudio.ch\/fr\/wp-json\/wp\/v2\/types\/page"}],"author":[{"embeddable":true,"href":"https:\/\/sf-wp-dev2.rainstudio.ch\/fr\/wp-json\/wp\/v2\/users\/3579"}],"replies":[{"embeddable":true,"href":"https:\/\/sf-wp-dev2.rainstudio.ch\/fr\/wp-json\/wp\/v2\/comments?post=828"}],"version-history":[{"count":7,"href":"https:\/\/sf-wp-dev2.rainstudio.ch\/fr\/wp-json\/wp\/v2\/pages\/828\/revisions"}],"predecessor-version":[{"id":33023,"href":"https:\/\/sf-wp-dev2.rainstudio.ch\/fr\/wp-json\/wp\/v2\/pages\/828\/revisions\/33023"}],"wp:featuredmedia":[{"embeddable":true,"href":"https:\/\/sf-wp-dev2.rainstudio.ch\/fr\/wp-json\/wp\/v2\/media\/10644"}],"wp:attachment":[{"href":"https:\/\/sf-wp-dev2.rainstudio.ch\/fr\/wp-json\/wp\/v2\/media?parent=828"}],"curies":[{"name":"wp","href":"https:\/\/api.w.org\/{rel}","templated":true}]}}