{"id":826,"date":"2019-05-27T08:47:08","date_gmt":"2019-05-27T08:47:08","guid":{"rendered":"https:\/\/sf-wp-dev2.rainstudio.ch\/sample-page\/"},"modified":"2023-12-18T10:54:26","modified_gmt":"2023-12-18T10:54:26","slug":"home","status":"publish","type":"page","link":"https:\/\/sf-wp-dev2.rainstudio.ch\/fr\/","title":{"rendered":"Home Page"},"content":{"rendered":"","protected":false},"excerpt":{"rendered":"","protected":false},"author":3579,"featured_media":0,"parent":0,"menu_order":0,"comment_status":"closed","ping_status":"closed","template":"pages\/home-page-tpl.php","meta":[],"acf":[],"yoast_head":"<!-- This site is optimized with the Yoast SEO plugin v20.10 - https:\/\/yoast.com\/wordpress\/plugins\/seo\/ -->\n<title>SwissFoundations<\/title>\n<meta name=\"description\" content=\"\u00c9tablie en 2001 \u00e0 l\u2019initiative de diff\u00e9rentes fondations, SwissFoundations est la principale association fa\u00eeti\u00e8re des fondations donatrices d\u2019utilit\u00e9 publique en Suisse.\" \/>\n<meta name=\"robots\" content=\"index, follow, max-snippet:-1, max-image-preview:large, max-video-preview:-1\" \/>\n<link rel=\"canonical\" href=\"https:\/\/sf-wp-dev2.rainstudio.ch\/fr\/\" \/>\n<meta property=\"og:locale\" content=\"fr_FR\" \/>\n<meta property=\"og:type\" content=\"article\" \/>\n<meta property=\"og:title\" content=\"SwissFoundations\" \/>\n<meta property=\"og:description\" content=\"\u00c9tablie en 2001 \u00e0 l\u2019initiative de diff\u00e9rentes fondations, SwissFoundations est la principale association fa\u00eeti\u00e8re des fondations donatrices d\u2019utilit\u00e9 publique en Suisse.\" \/>\n<meta property=\"og:url\" content=\"https:\/\/sf-wp-dev2.rainstudio.ch\/fr\/\" \/>\n<meta property=\"og:site_name\" content=\"SwissFoundations\" \/>\n<meta property=\"article:modified_time\" content=\"2023-12-18T10:54:26+00:00\" \/>\n<meta name=\"twitter:card\" content=\"summary_large_image\" \/>\n<script type=\"application\/ld+json\" class=\"yoast-schema-graph\">{\"@context\":\"https:\/\/schema.org\",\"@graph\":[{\"@type\":\"WebPage\",\"@id\":\"https:\/\/sf-wp-dev2.rainstudio.ch\/fr\/\",\"url\":\"https:\/\/sf-wp-dev2.rainstudio.ch\/fr\/\",\"name\":\"SwissFoundations\",\"isPartOf\":{\"@id\":\"https:\/\/sf-wp-dev2.rainstudio.ch\/fr\/#website\"},\"datePublished\":\"2019-05-27T08:47:08+00:00\",\"dateModified\":\"2023-12-18T10:54:26+00:00\",\"description\":\"\u00c9tablie en 2001 \u00e0 l\u2019initiative de diff\u00e9rentes fondations, SwissFoundations est la principale association fa\u00eeti\u00e8re des fondations donatrices d\u2019utilit\u00e9 publique en Suisse.\",\"breadcrumb\":{\"@id\":\"https:\/\/sf-wp-dev2.rainstudio.ch\/fr\/#breadcrumb\"},\"inLanguage\":\"fr-FR\",\"potentialAction\":[{\"@type\":\"ReadAction\",\"target\":[\"https:\/\/sf-wp-dev2.rainstudio.ch\/fr\/\"]}]},{\"@type\":\"BreadcrumbList\",\"@id\":\"https:\/\/sf-wp-dev2.rainstudio.ch\/fr\/#breadcrumb\",\"itemListElement\":[{\"@type\":\"ListItem\",\"position\":1,\"name\":\"Home\",\"item\":\"https:\/\/sf-wp-dev2.rainstudio.ch\/fr\/\"},{\"@type\":\"ListItem\",\"position\":2,\"name\":\"Home Page\"}]},{\"@type\":\"WebSite\",\"@id\":\"https:\/\/sf-wp-dev2.rainstudio.ch\/fr\/#website\",\"url\":\"https:\/\/sf-wp-dev2.rainstudio.ch\/fr\/\",\"name\":\"SwissFoundations\",\"description\":\"rderstiftungen setzen sich in der Schweiz mit Kraft und Innovation f\u00fcr das Gemeinwohl ein. Mit SwissFoundations haben sie seit 2001 einen starken Partner an der Seite.&lt;br&gt;Als Gemeinschaftsinitiative von Schweizer Stiftungen gegr\u00fcndet, vertritt SwissFoundations deren Anliegen gegen\u00fcber \u00d6ffentlichkeit, Politik und Beh\u00f6rden und setzt sich f\u00fcr die nachhaltige St\u00e4rkung privaten Stiftungsengagements ein.\",\"potentialAction\":[{\"@type\":\"SearchAction\",\"target\":{\"@type\":\"EntryPoint\",\"urlTemplate\":\"https:\/\/sf-wp-dev2.rainstudio.ch\/fr\/?s={search_term_string}\"},\"query-input\":\"required name=search_term_string\"}],\"inLanguage\":\"fr-FR\"}]}<\/script>\n<!-- \/ Yoast SEO plugin. -->","yoast_head_json":{"title":"SwissFoundations","description":"\u00c9tablie en 2001 \u00e0 l\u2019initiative de diff\u00e9rentes fondations, SwissFoundations est la principale association fa\u00eeti\u00e8re des fondations donatrices d\u2019utilit\u00e9 publique en Suisse.","robots":{"index":"index","follow":"follow","max-snippet":"max-snippet:-1","max-image-preview":"max-image-preview:large","max-video-preview":"max-video-preview:-1"},"canonical":"https:\/\/sf-wp-dev2.rainstudio.ch\/fr\/","og_locale":"fr_FR","og_type":"article","og_title":"SwissFoundations","og_description":"\u00c9tablie en 2001 \u00e0 l\u2019initiative de diff\u00e9rentes fondations, SwissFoundations est la principale association fa\u00eeti\u00e8re des fondations donatrices d\u2019utilit\u00e9 publique en Suisse.","og_url":"https:\/\/sf-wp-dev2.rainstudio.ch\/fr\/","og_site_name":"SwissFoundations","article_modified_time":"2023-12-18T10:54:26+00:00","twitter_card":"summary_large_image","schema":{"@context":"https:\/\/schema.org","@graph":[{"@type":"WebPage","@id":"https:\/\/sf-wp-dev2.rainstudio.ch\/fr\/","url":"https:\/\/sf-wp-dev2.rainstudio.ch\/fr\/","name":"SwissFoundations","isPartOf":{"@id":"https:\/\/sf-wp-dev2.rainstudio.ch\/fr\/#website"},"datePublished":"2019-05-27T08:47:08+00:00","dateModified":"2023-12-18T10:54:26+00:00","description":"\u00c9tablie en 2001 \u00e0 l\u2019initiative de diff\u00e9rentes fondations, SwissFoundations est la principale association fa\u00eeti\u00e8re des fondations donatrices d\u2019utilit\u00e9 publique en Suisse.","breadcrumb":{"@id":"https:\/\/sf-wp-dev2.rainstudio.ch\/fr\/#breadcrumb"},"inLanguage":"fr-FR","potentialAction":[{"@type":"ReadAction","target":["https:\/\/sf-wp-dev2.rainstudio.ch\/fr\/"]}]},{"@type":"BreadcrumbList","@id":"https:\/\/sf-wp-dev2.rainstudio.ch\/fr\/#breadcrumb","itemListElement":[{"@type":"ListItem","position":1,"name":"Home","item":"https:\/\/sf-wp-dev2.rainstudio.ch\/fr\/"},{"@type":"ListItem","position":2,"name":"Home Page"}]},{"@type":"WebSite","@id":"https:\/\/sf-wp-dev2.rainstudio.ch\/fr\/#website","url":"https:\/\/sf-wp-dev2.rainstudio.ch\/fr\/","name":"SwissFoundations","description":"rderstiftungen setzen sich in der Schweiz mit Kraft und Innovation f\u00fcr das Gemeinwohl ein. Mit SwissFoundations haben sie seit 2001 einen starken Partner an der Seite.&lt;br&gt;Als Gemeinschaftsinitiative von Schweizer Stiftungen gegr\u00fcndet, vertritt SwissFoundations deren Anliegen gegen\u00fcber \u00d6ffentlichkeit, Politik und Beh\u00f6rden und setzt sich f\u00fcr die nachhaltige St\u00e4rkung privaten Stiftungsengagements ein.","potentialAction":[{"@type":"SearchAction","target":{"@type":"EntryPoint","urlTemplate":"https:\/\/sf-wp-dev2.rainstudio.ch\/fr\/?s={search_term_string}"},"query-input":"required name=search_term_string"}],"inLanguage":"fr-FR"}]}},"_links":{"self":[{"href":"https:\/\/sf-wp-dev2.rainstudio.ch\/fr\/wp-json\/wp\/v2\/pages\/826"}],"collection":[{"href":"https:\/\/sf-wp-dev2.rainstudio.ch\/fr\/wp-json\/wp\/v2\/pages"}],"about":[{"href":"https:\/\/sf-wp-dev2.rainstudio.ch\/fr\/wp-json\/wp\/v2\/types\/page"}],"author":[{"embeddable":true,"href":"https:\/\/sf-wp-dev2.rainstudio.ch\/fr\/wp-json\/wp\/v2\/users\/3579"}],"replies":[{"embeddable":true,"href":"https:\/\/sf-wp-dev2.rainstudio.ch\/fr\/wp-json\/wp\/v2\/comments?post=826"}],"version-history":[{"count":51,"href":"https:\/\/sf-wp-dev2.rainstudio.ch\/fr\/wp-json\/wp\/v2\/pages\/826\/revisions"}],"predecessor-version":[{"id":35389,"href":"https:\/\/sf-wp-dev2.rainstudio.ch\/fr\/wp-json\/wp\/v2\/pages\/826\/revisions\/35389"}],"wp:attachment":[{"href":"https:\/\/sf-wp-dev2.rainstudio.ch\/fr\/wp-json\/wp\/v2\/media?parent=826"}],"curies":[{"name":"wp","href":"https:\/\/api.w.org\/{rel}","templated":true}]}}