{"id":7951,"date":"2020-03-29T09:16:54","date_gmt":"2020-03-29T09:16:54","guid":{"rendered":"https:\/\/sf-wp-dev2.rainstudio.ch\/covid-19\/"},"modified":"2020-12-15T16:35:16","modified_gmt":"2020-12-15T16:35:16","slug":"covid-19","status":"publish","type":"page","link":"https:\/\/sf-wp-dev2.rainstudio.ch\/fr\/covid-19\/","title":{"rendered":"COVID-19"},"content":{"rendered":"<p>Sur cette page, les fondations donatrices trouveront des informations et des conseils actualis\u00e9s sur la crise du coronavirus. En parall\u00e8le, SwissFoundations a r\u00e9cemment publi\u00e9 une <a class=\"\" href=\"https:\/\/sf-wp-dev2.rainstudio.ch\/fr\/actualites\/recommandation-engagement-des-fondations\/\">recommandation sur l&rsquo;engagement des fondations en p\u00e9riode de crise COVID 19<\/a> ainsi qu&rsquo;un <a class=\"\" href=\"https:\/\/sf-wp-dev2.rainstudio.ch\/fr\/actualites\/orientation-train-de-mesures\/\">guide d&rsquo;orientation sur le train de mesures de la Conf\u00e9d\u00e9ration<\/a> et soutient ses membres avec des webinaires hebdomadaires.<\/p>\n","protected":false},"excerpt":{"rendered":"<p>Sur cette page, les fondations donatrices trouveront des informations et des conseils actualis\u00e9s sur la crise du coronavirus. En parall\u00e8le, SwissFoundations a r\u00e9cemment publi\u00e9 une recommandation sur l&rsquo;engagement des fondations en p\u00e9riode de crise COVID 19 ainsi qu&rsquo;un guide d&rsquo;orientation sur le train de mesures de la Conf\u00e9d\u00e9ration et soutient ses membres avec des webinaires [&hellip;]<\/p>\n","protected":false},"author":3579,"featured_media":7797,"parent":0,"menu_order":0,"comment_status":"closed","ping_status":"closed","template":"pages\/covid-page-tpl.php","meta":[],"acf":[],"yoast_head":"<!-- This site is optimized with the Yoast SEO plugin v20.10 - https:\/\/yoast.com\/wordpress\/plugins\/seo\/ -->\n<title>COVID-19 - SwissFoundations<\/title>\n<meta name=\"description\" content=\"Sur cette page, les fondations donatrices trouveront des informations et des conseils actualis\u00e9s sur la crise du coronavirus. En parall\u00e8le, SwissFoundations a r\u00e9cemment publi\u00e9 une recommandation sur l&#039;engagement des fondations en p\u00e9riode de crise COVID 19 ainsi qu&#039;un guide d&#039;orientation sur le train de mesures de la conf\u00e9d\u00e9ration et soutient ses membres avec des webinaires hebdomadaires.\" \/>\n<meta name=\"robots\" content=\"index, follow, max-snippet:-1, max-image-preview:large, max-video-preview:-1\" \/>\n<link rel=\"canonical\" href=\"https:\/\/sf-wp-dev2.rainstudio.ch\/fr\/covid-19\/\" \/>\n<meta property=\"og:locale\" content=\"fr_FR\" \/>\n<meta property=\"og:type\" content=\"article\" \/>\n<meta property=\"og:title\" content=\"COVID-19 - SwissFoundations\" \/>\n<meta property=\"og:description\" content=\"Sur cette page, les fondations donatrices trouveront des informations et des conseils actualis\u00e9s sur la crise du coronavirus. En parall\u00e8le, SwissFoundations a r\u00e9cemment publi\u00e9 une recommandation sur l&#039;engagement des fondations en p\u00e9riode de crise COVID 19 ainsi qu&#039;un guide d&#039;orientation sur le train de mesures de la conf\u00e9d\u00e9ration et soutient ses membres avec des webinaires hebdomadaires.\" \/>\n<meta property=\"og:url\" content=\"https:\/\/sf-wp-dev2.rainstudio.ch\/fr\/covid-19\/\" \/>\n<meta property=\"og:site_name\" content=\"SwissFoundations\" \/>\n<meta property=\"article:modified_time\" content=\"2020-12-15T16:35:16+00:00\" \/>\n<meta property=\"og:image\" content=\"https:\/\/sf-wp-dev2.rainstudio.ch\/wp-content\/uploads\/2020\/03\/cdc-w9KEokhajKw-unsplash-1.jpg\" \/>\n\t<meta property=\"og:image:width\" content=\"700\" \/>\n\t<meta property=\"og:image:height\" content=\"700\" \/>\n\t<meta property=\"og:image:type\" content=\"image\/jpeg\" \/>\n<meta name=\"twitter:card\" content=\"summary_large_image\" \/>\n<script type=\"application\/ld+json\" class=\"yoast-schema-graph\">{\"@context\":\"https:\/\/schema.org\",\"@graph\":[{\"@type\":\"WebPage\",\"@id\":\"https:\/\/sf-wp-dev2.rainstudio.ch\/fr\/covid-19\/\",\"url\":\"https:\/\/sf-wp-dev2.rainstudio.ch\/fr\/covid-19\/\",\"name\":\"COVID-19 - SwissFoundations\",\"isPartOf\":{\"@id\":\"https:\/\/sf-wp-dev2.rainstudio.ch\/fr\/#website\"},\"datePublished\":\"2020-03-29T09:16:54+00:00\",\"dateModified\":\"2020-12-15T16:35:16+00:00\",\"description\":\"Sur cette page, les fondations donatrices trouveront des informations et des conseils actualis\u00e9s sur la crise du coronavirus. En parall\u00e8le, SwissFoundations a r\u00e9cemment publi\u00e9 une recommandation sur l'engagement des fondations en p\u00e9riode de crise COVID 19 ainsi qu'un guide d'orientation sur le train de mesures de la conf\u00e9d\u00e9ration et soutient ses membres avec des webinaires hebdomadaires.\",\"breadcrumb\":{\"@id\":\"https:\/\/sf-wp-dev2.rainstudio.ch\/fr\/covid-19\/#breadcrumb\"},\"inLanguage\":\"fr-FR\",\"potentialAction\":[{\"@type\":\"ReadAction\",\"target\":[\"https:\/\/sf-wp-dev2.rainstudio.ch\/fr\/covid-19\/\"]}]},{\"@type\":\"BreadcrumbList\",\"@id\":\"https:\/\/sf-wp-dev2.rainstudio.ch\/fr\/covid-19\/#breadcrumb\",\"itemListElement\":[{\"@type\":\"ListItem\",\"position\":1,\"name\":\"Home\",\"item\":\"https:\/\/sf-wp-dev2.rainstudio.ch\/fr\/\"},{\"@type\":\"ListItem\",\"position\":2,\"name\":\"COVID-19\"}]},{\"@type\":\"WebSite\",\"@id\":\"https:\/\/sf-wp-dev2.rainstudio.ch\/fr\/#website\",\"url\":\"https:\/\/sf-wp-dev2.rainstudio.ch\/fr\/\",\"name\":\"SwissFoundations\",\"description\":\"rderstiftungen setzen sich in der Schweiz mit Kraft und Innovation f\u00fcr das Gemeinwohl ein. Mit SwissFoundations haben sie seit 2001 einen starken Partner an der Seite.&lt;br&gt;Als Gemeinschaftsinitiative von Schweizer Stiftungen gegr\u00fcndet, vertritt SwissFoundations deren Anliegen gegen\u00fcber \u00d6ffentlichkeit, Politik und Beh\u00f6rden und setzt sich f\u00fcr die nachhaltige St\u00e4rkung privaten Stiftungsengagements ein.\",\"potentialAction\":[{\"@type\":\"SearchAction\",\"target\":{\"@type\":\"EntryPoint\",\"urlTemplate\":\"https:\/\/sf-wp-dev2.rainstudio.ch\/fr\/?s={search_term_string}\"},\"query-input\":\"required name=search_term_string\"}],\"inLanguage\":\"fr-FR\"}]}<\/script>\n<!-- \/ Yoast SEO plugin. -->","yoast_head_json":{"title":"COVID-19 - SwissFoundations","description":"Sur cette page, les fondations donatrices trouveront des informations et des conseils actualis\u00e9s sur la crise du coronavirus. En parall\u00e8le, SwissFoundations a r\u00e9cemment publi\u00e9 une recommandation sur l'engagement des fondations en p\u00e9riode de crise COVID 19 ainsi qu'un guide d'orientation sur le train de mesures de la conf\u00e9d\u00e9ration et soutient ses membres avec des webinaires hebdomadaires.","robots":{"index":"index","follow":"follow","max-snippet":"max-snippet:-1","max-image-preview":"max-image-preview:large","max-video-preview":"max-video-preview:-1"},"canonical":"https:\/\/sf-wp-dev2.rainstudio.ch\/fr\/covid-19\/","og_locale":"fr_FR","og_type":"article","og_title":"COVID-19 - SwissFoundations","og_description":"Sur cette page, les fondations donatrices trouveront des informations et des conseils actualis\u00e9s sur la crise du coronavirus. En parall\u00e8le, SwissFoundations a r\u00e9cemment publi\u00e9 une recommandation sur l'engagement des fondations en p\u00e9riode de crise COVID 19 ainsi qu'un guide d'orientation sur le train de mesures de la conf\u00e9d\u00e9ration et soutient ses membres avec des webinaires hebdomadaires.","og_url":"https:\/\/sf-wp-dev2.rainstudio.ch\/fr\/covid-19\/","og_site_name":"SwissFoundations","article_modified_time":"2020-12-15T16:35:16+00:00","og_image":[{"width":700,"height":700,"url":"https:\/\/sf-wp-dev2.rainstudio.ch\/wp-content\/uploads\/2020\/03\/cdc-w9KEokhajKw-unsplash-1.jpg","type":"image\/jpeg"}],"twitter_card":"summary_large_image","schema":{"@context":"https:\/\/schema.org","@graph":[{"@type":"WebPage","@id":"https:\/\/sf-wp-dev2.rainstudio.ch\/fr\/covid-19\/","url":"https:\/\/sf-wp-dev2.rainstudio.ch\/fr\/covid-19\/","name":"COVID-19 - SwissFoundations","isPartOf":{"@id":"https:\/\/sf-wp-dev2.rainstudio.ch\/fr\/#website"},"datePublished":"2020-03-29T09:16:54+00:00","dateModified":"2020-12-15T16:35:16+00:00","description":"Sur cette page, les fondations donatrices trouveront des informations et des conseils actualis\u00e9s sur la crise du coronavirus. En parall\u00e8le, SwissFoundations a r\u00e9cemment publi\u00e9 une recommandation sur l'engagement des fondations en p\u00e9riode de crise COVID 19 ainsi qu'un guide d'orientation sur le train de mesures de la conf\u00e9d\u00e9ration et soutient ses membres avec des webinaires hebdomadaires.","breadcrumb":{"@id":"https:\/\/sf-wp-dev2.rainstudio.ch\/fr\/covid-19\/#breadcrumb"},"inLanguage":"fr-FR","potentialAction":[{"@type":"ReadAction","target":["https:\/\/sf-wp-dev2.rainstudio.ch\/fr\/covid-19\/"]}]},{"@type":"BreadcrumbList","@id":"https:\/\/sf-wp-dev2.rainstudio.ch\/fr\/covid-19\/#breadcrumb","itemListElement":[{"@type":"ListItem","position":1,"name":"Home","item":"https:\/\/sf-wp-dev2.rainstudio.ch\/fr\/"},{"@type":"ListItem","position":2,"name":"COVID-19"}]},{"@type":"WebSite","@id":"https:\/\/sf-wp-dev2.rainstudio.ch\/fr\/#website","url":"https:\/\/sf-wp-dev2.rainstudio.ch\/fr\/","name":"SwissFoundations","description":"rderstiftungen setzen sich in der Schweiz mit Kraft und Innovation f\u00fcr das Gemeinwohl ein. Mit SwissFoundations haben sie seit 2001 einen starken Partner an der Seite.&lt;br&gt;Als Gemeinschaftsinitiative von Schweizer Stiftungen gegr\u00fcndet, vertritt SwissFoundations deren Anliegen gegen\u00fcber \u00d6ffentlichkeit, Politik und Beh\u00f6rden und setzt sich f\u00fcr die nachhaltige St\u00e4rkung privaten Stiftungsengagements ein.","potentialAction":[{"@type":"SearchAction","target":{"@type":"EntryPoint","urlTemplate":"https:\/\/sf-wp-dev2.rainstudio.ch\/fr\/?s={search_term_string}"},"query-input":"required name=search_term_string"}],"inLanguage":"fr-FR"}]}},"_links":{"self":[{"href":"https:\/\/sf-wp-dev2.rainstudio.ch\/fr\/wp-json\/wp\/v2\/pages\/7951"}],"collection":[{"href":"https:\/\/sf-wp-dev2.rainstudio.ch\/fr\/wp-json\/wp\/v2\/pages"}],"about":[{"href":"https:\/\/sf-wp-dev2.rainstudio.ch\/fr\/wp-json\/wp\/v2\/types\/page"}],"author":[{"embeddable":true,"href":"https:\/\/sf-wp-dev2.rainstudio.ch\/fr\/wp-json\/wp\/v2\/users\/3579"}],"replies":[{"embeddable":true,"href":"https:\/\/sf-wp-dev2.rainstudio.ch\/fr\/wp-json\/wp\/v2\/comments?post=7951"}],"version-history":[{"count":79,"href":"https:\/\/sf-wp-dev2.rainstudio.ch\/fr\/wp-json\/wp\/v2\/pages\/7951\/revisions"}],"predecessor-version":[{"id":10536,"href":"https:\/\/sf-wp-dev2.rainstudio.ch\/fr\/wp-json\/wp\/v2\/pages\/7951\/revisions\/10536"}],"wp:featuredmedia":[{"embeddable":true,"href":"https:\/\/sf-wp-dev2.rainstudio.ch\/fr\/wp-json\/wp\/v2\/media\/7797"}],"wp:attachment":[{"href":"https:\/\/sf-wp-dev2.rainstudio.ch\/fr\/wp-json\/wp\/v2\/media?parent=7951"}],"curies":[{"name":"wp","href":"https:\/\/api.w.org\/{rel}","templated":true}]}}