{"id":4471,"date":"2019-10-02T10:44:31","date_gmt":"2019-10-02T10:44:31","guid":{"rendered":"https:\/\/sf-wp-dev2.rainstudio.ch\/job-erfassen\/"},"modified":"2023-10-30T10:53:08","modified_gmt":"2023-10-30T10:53:08","slug":"publier-emploi","status":"publish","type":"page","link":"https:\/\/sf-wp-dev2.rainstudio.ch\/fr\/publier-emploi\/","title":{"rendered":"Publier une offre d&#8217;emploi"},"content":{"rendered":"<p>Les fondations et autres organisations \u00e0 but non lucratif peuvent annoncer gratuitement des postes vacants qui comprennent des travaux de fondation au sens classique du terme ou des activit\u00e9s dans le cadre de projets de fondations ou d&rsquo;organisations \u00e0 but non lucratif. Les postes purement li\u00e9s \u00e0 la collecte de fonds ne sont pas publi\u00e9s. Chaque nouvelle contribution au portail emploi est v\u00e9rifi\u00e9e par SwissFoundations avant d&rsquo;\u00eatre publi\u00e9e. Les annonces sont en ligne jusqu&rsquo;\u00e0 la date limite d&rsquo;inscription, mais pour un maximum de 30 jours, apr\u00e8s quoi elles sont automatiquement supprim\u00e9es.<\/p>\n<p>&nbsp;<\/p>\n<p><a class=\"\" href=\"mailto: baker@sf-wp-dev2.rainstudio.ch\">Cynthia Baker<\/a> r\u00e9pond volontiers \u00e0 toutes vos questions concernant le Portail de l\u2019emploi.<\/p>\n","protected":false},"excerpt":{"rendered":"<p>Les fondations et autres organisations \u00e0 but non lucratif peuvent annoncer gratuitement des postes vacants qui comprennent des travaux de fondation au sens classique du terme ou des activit\u00e9s dans le cadre de projets de fondations ou d&rsquo;organisations \u00e0 but non lucratif. Les postes purement li\u00e9s \u00e0 la collecte de fonds ne sont pas publi\u00e9s. [&hellip;]<\/p>\n","protected":false},"author":3579,"featured_media":0,"parent":0,"menu_order":0,"comment_status":"closed","ping_status":"closed","template":"pages\/job-form-page-tpl.php","meta":[],"acf":[],"yoast_head":"<!-- This site is optimized with the Yoast SEO plugin v20.10 - https:\/\/yoast.com\/wordpress\/plugins\/seo\/ -->\n<title>Publier une offre d&#039;emploi - SwissFoundations<\/title>\n<meta name=\"robots\" content=\"index, follow, max-snippet:-1, max-image-preview:large, max-video-preview:-1\" \/>\n<link rel=\"canonical\" href=\"https:\/\/sf-wp-dev2.rainstudio.ch\/fr\/publier-emploi\/\" \/>\n<meta property=\"og:locale\" content=\"fr_FR\" \/>\n<meta property=\"og:type\" content=\"article\" \/>\n<meta property=\"og:title\" content=\"Publier une offre d&#039;emploi - SwissFoundations\" \/>\n<meta property=\"og:description\" content=\"Les fondations et autres organisations \u00e0 but non lucratif peuvent annoncer gratuitement des postes vacants qui comprennent des travaux de fondation au sens classique du terme ou des activit\u00e9s dans le cadre de projets de fondations ou d&rsquo;organisations \u00e0 but non lucratif. Les postes purement li\u00e9s \u00e0 la collecte de fonds ne sont pas publi\u00e9s. [&hellip;]\" \/>\n<meta property=\"og:url\" content=\"https:\/\/sf-wp-dev2.rainstudio.ch\/fr\/publier-emploi\/\" \/>\n<meta property=\"og:site_name\" content=\"SwissFoundations\" \/>\n<meta property=\"article:modified_time\" content=\"2023-10-30T10:53:08+00:00\" \/>\n<meta name=\"twitter:card\" content=\"summary_large_image\" \/>\n<meta name=\"twitter:label1\" content=\"Dur\u00e9e de lecture estim\u00e9e\" \/>\n\t<meta name=\"twitter:data1\" content=\"1 minute\" \/>\n<script type=\"application\/ld+json\" class=\"yoast-schema-graph\">{\"@context\":\"https:\/\/schema.org\",\"@graph\":[{\"@type\":\"WebPage\",\"@id\":\"https:\/\/sf-wp-dev2.rainstudio.ch\/fr\/publier-emploi\/\",\"url\":\"https:\/\/sf-wp-dev2.rainstudio.ch\/fr\/publier-emploi\/\",\"name\":\"Publier une offre d'emploi - SwissFoundations\",\"isPartOf\":{\"@id\":\"https:\/\/sf-wp-dev2.rainstudio.ch\/fr\/#website\"},\"datePublished\":\"2019-10-02T10:44:31+00:00\",\"dateModified\":\"2023-10-30T10:53:08+00:00\",\"breadcrumb\":{\"@id\":\"https:\/\/sf-wp-dev2.rainstudio.ch\/fr\/publier-emploi\/#breadcrumb\"},\"inLanguage\":\"fr-FR\",\"potentialAction\":[{\"@type\":\"ReadAction\",\"target\":[\"https:\/\/sf-wp-dev2.rainstudio.ch\/fr\/publier-emploi\/\"]}]},{\"@type\":\"BreadcrumbList\",\"@id\":\"https:\/\/sf-wp-dev2.rainstudio.ch\/fr\/publier-emploi\/#breadcrumb\",\"itemListElement\":[{\"@type\":\"ListItem\",\"position\":1,\"name\":\"Home\",\"item\":\"https:\/\/sf-wp-dev2.rainstudio.ch\/fr\/\"},{\"@type\":\"ListItem\",\"position\":2,\"name\":\"Publier une offre d&#8217;emploi\"}]},{\"@type\":\"WebSite\",\"@id\":\"https:\/\/sf-wp-dev2.rainstudio.ch\/fr\/#website\",\"url\":\"https:\/\/sf-wp-dev2.rainstudio.ch\/fr\/\",\"name\":\"SwissFoundations\",\"description\":\"rderstiftungen setzen sich in der Schweiz mit Kraft und Innovation f\u00fcr das Gemeinwohl ein. Mit SwissFoundations haben sie seit 2001 einen starken Partner an der Seite.&lt;br&gt;Als Gemeinschaftsinitiative von Schweizer Stiftungen gegr\u00fcndet, vertritt SwissFoundations deren Anliegen gegen\u00fcber \u00d6ffentlichkeit, Politik und Beh\u00f6rden und setzt sich f\u00fcr die nachhaltige St\u00e4rkung privaten Stiftungsengagements ein.\",\"potentialAction\":[{\"@type\":\"SearchAction\",\"target\":{\"@type\":\"EntryPoint\",\"urlTemplate\":\"https:\/\/sf-wp-dev2.rainstudio.ch\/fr\/?s={search_term_string}\"},\"query-input\":\"required name=search_term_string\"}],\"inLanguage\":\"fr-FR\"}]}<\/script>\n<!-- \/ Yoast SEO plugin. -->","yoast_head_json":{"title":"Publier une offre d'emploi - SwissFoundations","robots":{"index":"index","follow":"follow","max-snippet":"max-snippet:-1","max-image-preview":"max-image-preview:large","max-video-preview":"max-video-preview:-1"},"canonical":"https:\/\/sf-wp-dev2.rainstudio.ch\/fr\/publier-emploi\/","og_locale":"fr_FR","og_type":"article","og_title":"Publier une offre d'emploi - SwissFoundations","og_description":"Les fondations et autres organisations \u00e0 but non lucratif peuvent annoncer gratuitement des postes vacants qui comprennent des travaux de fondation au sens classique du terme ou des activit\u00e9s dans le cadre de projets de fondations ou d&rsquo;organisations \u00e0 but non lucratif. Les postes purement li\u00e9s \u00e0 la collecte de fonds ne sont pas publi\u00e9s. [&hellip;]","og_url":"https:\/\/sf-wp-dev2.rainstudio.ch\/fr\/publier-emploi\/","og_site_name":"SwissFoundations","article_modified_time":"2023-10-30T10:53:08+00:00","twitter_card":"summary_large_image","twitter_misc":{"Dur\u00e9e de lecture estim\u00e9e":"1 minute"},"schema":{"@context":"https:\/\/schema.org","@graph":[{"@type":"WebPage","@id":"https:\/\/sf-wp-dev2.rainstudio.ch\/fr\/publier-emploi\/","url":"https:\/\/sf-wp-dev2.rainstudio.ch\/fr\/publier-emploi\/","name":"Publier une offre d'emploi - SwissFoundations","isPartOf":{"@id":"https:\/\/sf-wp-dev2.rainstudio.ch\/fr\/#website"},"datePublished":"2019-10-02T10:44:31+00:00","dateModified":"2023-10-30T10:53:08+00:00","breadcrumb":{"@id":"https:\/\/sf-wp-dev2.rainstudio.ch\/fr\/publier-emploi\/#breadcrumb"},"inLanguage":"fr-FR","potentialAction":[{"@type":"ReadAction","target":["https:\/\/sf-wp-dev2.rainstudio.ch\/fr\/publier-emploi\/"]}]},{"@type":"BreadcrumbList","@id":"https:\/\/sf-wp-dev2.rainstudio.ch\/fr\/publier-emploi\/#breadcrumb","itemListElement":[{"@type":"ListItem","position":1,"name":"Home","item":"https:\/\/sf-wp-dev2.rainstudio.ch\/fr\/"},{"@type":"ListItem","position":2,"name":"Publier une offre d&#8217;emploi"}]},{"@type":"WebSite","@id":"https:\/\/sf-wp-dev2.rainstudio.ch\/fr\/#website","url":"https:\/\/sf-wp-dev2.rainstudio.ch\/fr\/","name":"SwissFoundations","description":"rderstiftungen setzen sich in der Schweiz mit Kraft und Innovation f\u00fcr das Gemeinwohl ein. Mit SwissFoundations haben sie seit 2001 einen starken Partner an der Seite.&lt;br&gt;Als Gemeinschaftsinitiative von Schweizer Stiftungen gegr\u00fcndet, vertritt SwissFoundations deren Anliegen gegen\u00fcber \u00d6ffentlichkeit, Politik und Beh\u00f6rden und setzt sich f\u00fcr die nachhaltige St\u00e4rkung privaten Stiftungsengagements ein.","potentialAction":[{"@type":"SearchAction","target":{"@type":"EntryPoint","urlTemplate":"https:\/\/sf-wp-dev2.rainstudio.ch\/fr\/?s={search_term_string}"},"query-input":"required name=search_term_string"}],"inLanguage":"fr-FR"}]}},"_links":{"self":[{"href":"https:\/\/sf-wp-dev2.rainstudio.ch\/fr\/wp-json\/wp\/v2\/pages\/4471"}],"collection":[{"href":"https:\/\/sf-wp-dev2.rainstudio.ch\/fr\/wp-json\/wp\/v2\/pages"}],"about":[{"href":"https:\/\/sf-wp-dev2.rainstudio.ch\/fr\/wp-json\/wp\/v2\/types\/page"}],"author":[{"embeddable":true,"href":"https:\/\/sf-wp-dev2.rainstudio.ch\/fr\/wp-json\/wp\/v2\/users\/3579"}],"replies":[{"embeddable":true,"href":"https:\/\/sf-wp-dev2.rainstudio.ch\/fr\/wp-json\/wp\/v2\/comments?post=4471"}],"version-history":[{"count":13,"href":"https:\/\/sf-wp-dev2.rainstudio.ch\/fr\/wp-json\/wp\/v2\/pages\/4471\/revisions"}],"predecessor-version":[{"id":32335,"href":"https:\/\/sf-wp-dev2.rainstudio.ch\/fr\/wp-json\/wp\/v2\/pages\/4471\/revisions\/32335"}],"wp:attachment":[{"href":"https:\/\/sf-wp-dev2.rainstudio.ch\/fr\/wp-json\/wp\/v2\/media?parent=4471"}],"curies":[{"name":"wp","href":"https:\/\/api.w.org\/{rel}","templated":true}]}}