{"id":3745,"date":"2019-09-18T01:34:32","date_gmt":"2019-09-18T01:34:32","guid":{"rendered":"https:\/\/sf-wp-dev2.rainstudio.ch\/reset-password-passwort-vergessen-2\/"},"modified":"2019-10-22T12:28:59","modified_gmt":"2019-10-22T12:28:59","slug":"mot-de-passe-oublie","status":"publish","type":"page","link":"https:\/\/sf-wp-dev2.rainstudio.ch\/fr\/mot-de-passe-oublie\/","title":{"rendered":"Mot de passe oubli\u00e9"},"content":{"rendered":"<p><span>Veuillez entrer l&rsquo;adresse e-mail \u00e0 laquelle est li\u00e9 votre compte d&rsquo;utilisateur. Vous recevrez un email avec un lien permettant de r\u00e9initialiser votre mot de passe. Si vous avez des questions, n&rsquo;h\u00e9sitez pas \u00e0 nous contacter par e-mail info@sf-wp-dev2.rainstudio.ch<\/span><\/p>\n","protected":false},"excerpt":{"rendered":"<p>Veuillez entrer l&rsquo;adresse e-mail \u00e0 laquelle est li\u00e9 votre compte d&rsquo;utilisateur. Vous recevrez un email avec un lien permettant de r\u00e9initialiser votre mot de passe. Si vous avez des questions, n&rsquo;h\u00e9sitez pas \u00e0 nous contacter par e-mail info@sf-wp-dev2.rainstudio.ch<\/p>\n","protected":false},"author":3579,"featured_media":0,"parent":0,"menu_order":0,"comment_status":"closed","ping_status":"closed","template":"pages\/reset-pass-tpl.php","meta":[],"acf":[],"yoast_head":"<!-- This site is optimized with the Yoast SEO plugin v20.10 - https:\/\/yoast.com\/wordpress\/plugins\/seo\/ -->\n<title>Mot de passe oubli\u00e9 - SwissFoundations<\/title>\n<meta name=\"robots\" content=\"index, follow, max-snippet:-1, max-image-preview:large, max-video-preview:-1\" \/>\n<link rel=\"canonical\" href=\"https:\/\/sf-wp-dev2.rainstudio.ch\/fr\/mot-de-passe-oublie\/\" \/>\n<meta property=\"og:locale\" content=\"fr_FR\" \/>\n<meta property=\"og:type\" content=\"article\" \/>\n<meta property=\"og:title\" content=\"Mot de passe oubli\u00e9 - SwissFoundations\" \/>\n<meta property=\"og:description\" content=\"Veuillez entrer l&rsquo;adresse e-mail \u00e0 laquelle est li\u00e9 votre compte d&rsquo;utilisateur. Vous recevrez un email avec un lien permettant de r\u00e9initialiser votre mot de passe. Si vous avez des questions, n&rsquo;h\u00e9sitez pas \u00e0 nous contacter par e-mail info@sf-wp-dev2.rainstudio.ch\" \/>\n<meta property=\"og:url\" content=\"https:\/\/sf-wp-dev2.rainstudio.ch\/fr\/mot-de-passe-oublie\/\" \/>\n<meta property=\"og:site_name\" content=\"SwissFoundations\" \/>\n<meta property=\"article:modified_time\" content=\"2019-10-22T12:28:59+00:00\" \/>\n<meta name=\"twitter:card\" content=\"summary_large_image\" \/>\n<script type=\"application\/ld+json\" class=\"yoast-schema-graph\">{\"@context\":\"https:\/\/schema.org\",\"@graph\":[{\"@type\":\"WebPage\",\"@id\":\"https:\/\/sf-wp-dev2.rainstudio.ch\/fr\/mot-de-passe-oublie\/\",\"url\":\"https:\/\/sf-wp-dev2.rainstudio.ch\/fr\/mot-de-passe-oublie\/\",\"name\":\"Mot de passe oubli\u00e9 - SwissFoundations\",\"isPartOf\":{\"@id\":\"https:\/\/sf-wp-dev2.rainstudio.ch\/fr\/#website\"},\"datePublished\":\"2019-09-18T01:34:32+00:00\",\"dateModified\":\"2019-10-22T12:28:59+00:00\",\"breadcrumb\":{\"@id\":\"https:\/\/sf-wp-dev2.rainstudio.ch\/fr\/mot-de-passe-oublie\/#breadcrumb\"},\"inLanguage\":\"fr-FR\",\"potentialAction\":[{\"@type\":\"ReadAction\",\"target\":[\"https:\/\/sf-wp-dev2.rainstudio.ch\/fr\/mot-de-passe-oublie\/\"]}]},{\"@type\":\"BreadcrumbList\",\"@id\":\"https:\/\/sf-wp-dev2.rainstudio.ch\/fr\/mot-de-passe-oublie\/#breadcrumb\",\"itemListElement\":[{\"@type\":\"ListItem\",\"position\":1,\"name\":\"Home\",\"item\":\"https:\/\/sf-wp-dev2.rainstudio.ch\/fr\/\"},{\"@type\":\"ListItem\",\"position\":2,\"name\":\"Mot de passe oubli\u00e9\"}]},{\"@type\":\"WebSite\",\"@id\":\"https:\/\/sf-wp-dev2.rainstudio.ch\/fr\/#website\",\"url\":\"https:\/\/sf-wp-dev2.rainstudio.ch\/fr\/\",\"name\":\"SwissFoundations\",\"description\":\"rderstiftungen setzen sich in der Schweiz mit Kraft und Innovation f\u00fcr das Gemeinwohl ein. Mit SwissFoundations haben sie seit 2001 einen starken Partner an der Seite.&lt;br&gt;Als Gemeinschaftsinitiative von Schweizer Stiftungen gegr\u00fcndet, vertritt SwissFoundations deren Anliegen gegen\u00fcber \u00d6ffentlichkeit, Politik und Beh\u00f6rden und setzt sich f\u00fcr die nachhaltige St\u00e4rkung privaten Stiftungsengagements ein.\",\"potentialAction\":[{\"@type\":\"SearchAction\",\"target\":{\"@type\":\"EntryPoint\",\"urlTemplate\":\"https:\/\/sf-wp-dev2.rainstudio.ch\/fr\/?s={search_term_string}\"},\"query-input\":\"required name=search_term_string\"}],\"inLanguage\":\"fr-FR\"}]}<\/script>\n<!-- \/ Yoast SEO plugin. -->","yoast_head_json":{"title":"Mot de passe oubli\u00e9 - SwissFoundations","robots":{"index":"index","follow":"follow","max-snippet":"max-snippet:-1","max-image-preview":"max-image-preview:large","max-video-preview":"max-video-preview:-1"},"canonical":"https:\/\/sf-wp-dev2.rainstudio.ch\/fr\/mot-de-passe-oublie\/","og_locale":"fr_FR","og_type":"article","og_title":"Mot de passe oubli\u00e9 - SwissFoundations","og_description":"Veuillez entrer l&rsquo;adresse e-mail \u00e0 laquelle est li\u00e9 votre compte d&rsquo;utilisateur. Vous recevrez un email avec un lien permettant de r\u00e9initialiser votre mot de passe. Si vous avez des questions, n&rsquo;h\u00e9sitez pas \u00e0 nous contacter par e-mail info@sf-wp-dev2.rainstudio.ch","og_url":"https:\/\/sf-wp-dev2.rainstudio.ch\/fr\/mot-de-passe-oublie\/","og_site_name":"SwissFoundations","article_modified_time":"2019-10-22T12:28:59+00:00","twitter_card":"summary_large_image","schema":{"@context":"https:\/\/schema.org","@graph":[{"@type":"WebPage","@id":"https:\/\/sf-wp-dev2.rainstudio.ch\/fr\/mot-de-passe-oublie\/","url":"https:\/\/sf-wp-dev2.rainstudio.ch\/fr\/mot-de-passe-oublie\/","name":"Mot de passe oubli\u00e9 - SwissFoundations","isPartOf":{"@id":"https:\/\/sf-wp-dev2.rainstudio.ch\/fr\/#website"},"datePublished":"2019-09-18T01:34:32+00:00","dateModified":"2019-10-22T12:28:59+00:00","breadcrumb":{"@id":"https:\/\/sf-wp-dev2.rainstudio.ch\/fr\/mot-de-passe-oublie\/#breadcrumb"},"inLanguage":"fr-FR","potentialAction":[{"@type":"ReadAction","target":["https:\/\/sf-wp-dev2.rainstudio.ch\/fr\/mot-de-passe-oublie\/"]}]},{"@type":"BreadcrumbList","@id":"https:\/\/sf-wp-dev2.rainstudio.ch\/fr\/mot-de-passe-oublie\/#breadcrumb","itemListElement":[{"@type":"ListItem","position":1,"name":"Home","item":"https:\/\/sf-wp-dev2.rainstudio.ch\/fr\/"},{"@type":"ListItem","position":2,"name":"Mot de passe oubli\u00e9"}]},{"@type":"WebSite","@id":"https:\/\/sf-wp-dev2.rainstudio.ch\/fr\/#website","url":"https:\/\/sf-wp-dev2.rainstudio.ch\/fr\/","name":"SwissFoundations","description":"rderstiftungen setzen sich in der Schweiz mit Kraft und Innovation f\u00fcr das Gemeinwohl ein. Mit SwissFoundations haben sie seit 2001 einen starken Partner an der Seite.&lt;br&gt;Als Gemeinschaftsinitiative von Schweizer Stiftungen gegr\u00fcndet, vertritt SwissFoundations deren Anliegen gegen\u00fcber \u00d6ffentlichkeit, Politik und Beh\u00f6rden und setzt sich f\u00fcr die nachhaltige St\u00e4rkung privaten Stiftungsengagements ein.","potentialAction":[{"@type":"SearchAction","target":{"@type":"EntryPoint","urlTemplate":"https:\/\/sf-wp-dev2.rainstudio.ch\/fr\/?s={search_term_string}"},"query-input":"required name=search_term_string"}],"inLanguage":"fr-FR"}]}},"_links":{"self":[{"href":"https:\/\/sf-wp-dev2.rainstudio.ch\/fr\/wp-json\/wp\/v2\/pages\/3745"}],"collection":[{"href":"https:\/\/sf-wp-dev2.rainstudio.ch\/fr\/wp-json\/wp\/v2\/pages"}],"about":[{"href":"https:\/\/sf-wp-dev2.rainstudio.ch\/fr\/wp-json\/wp\/v2\/types\/page"}],"author":[{"embeddable":true,"href":"https:\/\/sf-wp-dev2.rainstudio.ch\/fr\/wp-json\/wp\/v2\/users\/3579"}],"replies":[{"embeddable":true,"href":"https:\/\/sf-wp-dev2.rainstudio.ch\/fr\/wp-json\/wp\/v2\/comments?post=3745"}],"version-history":[{"count":5,"href":"https:\/\/sf-wp-dev2.rainstudio.ch\/fr\/wp-json\/wp\/v2\/pages\/3745\/revisions"}],"predecessor-version":[{"id":4868,"href":"https:\/\/sf-wp-dev2.rainstudio.ch\/fr\/wp-json\/wp\/v2\/pages\/3745\/revisions\/4868"}],"wp:attachment":[{"href":"https:\/\/sf-wp-dev2.rainstudio.ch\/fr\/wp-json\/wp\/v2\/media?parent=3745"}],"curies":[{"name":"wp","href":"https:\/\/api.w.org\/{rel}","templated":true}]}}